{"id":1141,"date":"2024-08-10T10:48:26","date_gmt":"2024-08-10T08:48:26","guid":{"rendered":"https:\/\/www.gaming-room.at\/?page_id=1141"},"modified":"2025-07-27T23:03:43","modified_gmt":"2025-07-27T21:03:43","slug":"gaming","status":"publish","type":"page","link":"https:\/\/www.gaming-room.at\/en\/gaming\/","title":{"rendered":"Gaming"},"content":{"rendered":"<div class=\"wpb-content-wrapper\"><div class=\"vc_row wpb_row vc_row-fluid\"><div class=\"wpb_column vc_column_container vc_col-sm-5 sc_layouts_column_icons_position_left\"><div class=\"vc_column-inner\"><div class=\"wpb_wrapper\">\n\t<div  class=\"wpb_single_image wpb_content_element vc_align_left wpb_content_element\">\n\t\t\n\t\t<figure class=\"wpb_wrapper vc_figure\">\n\t\t\t<div class=\"vc_single_image-wrapper vc_box_border  vc_box_border_grey\"><img loading=\"lazy\" decoding=\"async\" width=\"1024\" height=\"683\" src=\"https:\/\/www.gaming-room.at\/wp-content\/uploads\/2024\/09\/console_gaming_gamestation.jpg\" class=\"vc_single_image-img attachment-full\" alt=\"\" title=\"console_gaming_gamestation\" srcset=\"https:\/\/www.gaming-room.at\/wp-content\/uploads\/2024\/09\/console_gaming_gamestation.jpg 1024w, https:\/\/www.gaming-room.at\/wp-content\/uploads\/2024\/09\/console_gaming_gamestation-300x200.jpg 300w, https:\/\/www.gaming-room.at\/wp-content\/uploads\/2024\/09\/console_gaming_gamestation-768x512.jpg 768w, https:\/\/www.gaming-room.at\/wp-content\/uploads\/2024\/09\/console_gaming_gamestation-370x247.jpg 370w, https:\/\/www.gaming-room.at\/wp-content\/uploads\/2024\/09\/console_gaming_gamestation-760x507.jpg 760w\" sizes=\"auto, (max-width: 1024px) 100vw, 1024px\" \/><\/div>\n\t\t<\/figure>\n\t<\/div>\n<div class=\"vc_empty_space  hide_on_desktop hide_on_notebook hide_on_tablet height_medium\"   style=\"height: 32px\"><span class=\"vc_empty_space_inner\"><\/span><\/div><\/div><\/div><\/div><div class=\"wpb_column vc_column_container vc_col-sm-7 sc_layouts_column_icons_position_left\"><div class=\"vc_column-inner\"><div class=\"wpb_wrapper\">\n\t<div class=\"wpb_text_column wpb_content_element\" >\n\t\t<div class=\"wpb_wrapper\">\n\t\t\t<h3>Console gaming<\/h3>\n<p>Habt Ihr Lust auf eine Gaming-Session? Egal, ob Ihr Fans der <strong>Sony PlayStation 5<\/strong> or the <strong>Nintendo Switch<\/strong> seid \u2013 bei uns k\u00f6nnt Ihr Euch auf beides freuen!<\/p>\n<p>Our 55-65 inch monitors make the gaming experience even more intense. Grab up to three friends and play the hottest games such as Fortnite, EA SPORTS FC\u2122 24, Mario Kart and many more.<\/p>\n<p>Play together or against each other and enjoy unforgettable gaming moments - the perfect mix of fun and competition!<\/p>\n\n\t\t<\/div>\n\t<\/div>\n<div class=\"vc_empty_space  vc_custom_1517817372532 height_small\"   style=\"height: 32px\"><span class=\"vc_empty_space_inner\"><\/span><\/div><a href=\"\/en\/console-gaming\/\" id=\"sc_button_1076250811\" class=\"sc_button color_style_dark sc_button_default sc_button_size_normal sc_button_icon_left\"><span class=\"sc_button_text\"><span class=\"sc_button_title\">more information ...<\/span><\/span><!-- \/.sc_button_text --><\/a><!-- \/.sc_button --><\/div><\/div><\/div><\/div><div class=\"vc_row wpb_row vc_row-fluid\"><div class=\"wpb_column vc_column_container vc_col-sm-12 sc_layouts_column_icons_position_left\"><div class=\"vc_column-inner\"><div class=\"wpb_wrapper\"><div class=\"vc_empty_space  vc_custom_1517818087160 height_medium\"   style=\"height: 32px\"><span class=\"vc_empty_space_inner\"><\/span><\/div><\/div><\/div><\/div><\/div><div class=\"vc_row wpb_row vc_row-fluid\"><div class=\"wpb_column vc_column_container vc_col-sm-7 sc_layouts_column_icons_position_left\"><div class=\"vc_column-inner\"><div class=\"wpb_wrapper\">\n\t<div class=\"wpb_text_column wpb_content_element\" >\n\t\t<div class=\"wpb_wrapper\">\n\t\t\t<h3>PC Gaming<\/h3>\n<p>Bei uns k\u00f6nnt Ihr auch in die Welt der besten PC-Spiele eintauchen! Ob allein oder mit Freunden \u2013 Ihr habt die Wahl. Zockt spannende Games wie Counter-Strike 2, League of Legends, Fortnite oder DOTA 2 auf leistungsstarken Gaming-PCs.<\/p>\n<p>Dank unserer High-End-PCs genie\u00dft Ihr jedes Spiel in Top-Qualit\u00e4t. Baut, k\u00e4mpft und erkundet neue Welten in euren Lieblingsgames. Taucht ein in die fesselnde Welt des PC-Gamings und erlebt die grenzenlosen M\u00f6glichkeiten, die Euch erwarten!<\/p>\n\n\t\t<\/div>\n\t<\/div>\n<div class=\"vc_empty_space  vc_custom_1517817372532 height_small\"   style=\"height: 32px\"><span class=\"vc_empty_space_inner\"><\/span><\/div><a href=\"\/en\/pc-gaming\/\" id=\"sc_button_1956788649\" class=\"sc_button color_style_dark sc_button_default sc_button_size_normal sc_button_icon_left\"><span class=\"sc_button_text\"><span class=\"sc_button_title\">more information ...<\/span><\/span><!-- \/.sc_button_text --><\/a><!-- \/.sc_button --><\/div><\/div><\/div><div class=\"wpb_column vc_column_container vc_col-sm-5 sc_layouts_column_icons_position_left\"><div class=\"vc_column-inner\"><div class=\"wpb_wrapper\">\n\t<div  class=\"wpb_single_image wpb_content_element vc_align_left wpb_content_element\">\n\t\t\n\t\t<figure class=\"wpb_wrapper vc_figure\">\n\t\t\t<div class=\"vc_single_image-wrapper vc_box_border  vc_box_border_grey\"><img loading=\"lazy\" decoding=\"async\" width=\"1024\" height=\"683\" src=\"https:\/\/www.gaming-room.at\/wp-content\/uploads\/2024\/09\/pc-gaming.jpg\" class=\"vc_single_image-img attachment-full\" alt=\"\" title=\"pc-gaming\" srcset=\"https:\/\/www.gaming-room.at\/wp-content\/uploads\/2024\/09\/pc-gaming.jpg 1024w, https:\/\/www.gaming-room.at\/wp-content\/uploads\/2024\/09\/pc-gaming-300x200.jpg 300w, https:\/\/www.gaming-room.at\/wp-content\/uploads\/2024\/09\/pc-gaming-768x512.jpg 768w, https:\/\/www.gaming-room.at\/wp-content\/uploads\/2024\/09\/pc-gaming-370x247.jpg 370w, https:\/\/www.gaming-room.at\/wp-content\/uploads\/2024\/09\/pc-gaming-760x507.jpg 760w\" sizes=\"auto, (max-width: 1024px) 100vw, 1024px\" \/><\/div>\n\t\t<\/figure>\n\t<\/div>\n<div class=\"vc_empty_space  hide_on_desktop hide_on_notebook hide_on_tablet height_medium\"   style=\"height: 32px\"><span class=\"vc_empty_space_inner\"><\/span><\/div><\/div><\/div><\/div><\/div><div class=\"vc_row wpb_row vc_row-fluid\"><div class=\"wpb_column vc_column_container vc_col-sm-12 sc_layouts_column_icons_position_left\"><div class=\"vc_column-inner\"><div class=\"wpb_wrapper\"><div class=\"vc_empty_space  vc_custom_1517818087160 height_medium\"   style=\"height: 32px\"><span class=\"vc_empty_space_inner\"><\/span><\/div><\/div><\/div><\/div><\/div>\n<\/div>","protected":false},"excerpt":{"rendered":"KONSOLEN GAMING Habt Ihr Lust auf eine Gaming-Session? Egal, ob Ihr Fans der Sony PlayStation 5 oder der Nintendo Switch seid \u2013 bei uns k\u00f6nnt Ihr Euch auf beides freuen!&hellip;","protected":false},"author":1,"featured_media":1334,"parent":0,"menu_order":5,"comment_status":"closed","ping_status":"closed","template":"","meta":{"ngg_post_thumbnail":0,"footnotes":""},"class_list":["post-1141","page","type-page","status-publish","has-post-thumbnail","hentry"],"_links":{"self":[{"href":"https:\/\/www.gaming-room.at\/en\/wp-json\/wp\/v2\/pages\/1141","targetHints":{"allow":["GET"]}}],"collection":[{"href":"https:\/\/www.gaming-room.at\/en\/wp-json\/wp\/v2\/pages"}],"about":[{"href":"https:\/\/www.gaming-room.at\/en\/wp-json\/wp\/v2\/types\/page"}],"author":[{"embeddable":true,"href":"https:\/\/www.gaming-room.at\/en\/wp-json\/wp\/v2\/users\/1"}],"replies":[{"embeddable":true,"href":"https:\/\/www.gaming-room.at\/en\/wp-json\/wp\/v2\/comments?post=1141"}],"version-history":[{"count":15,"href":"https:\/\/www.gaming-room.at\/en\/wp-json\/wp\/v2\/pages\/1141\/revisions"}],"predecessor-version":[{"id":2000,"href":"https:\/\/www.gaming-room.at\/en\/wp-json\/wp\/v2\/pages\/1141\/revisions\/2000"}],"wp:featuredmedia":[{"embeddable":true,"href":"https:\/\/www.gaming-room.at\/en\/wp-json\/wp\/v2\/media\/1334"}],"wp:attachment":[{"href":"https:\/\/www.gaming-room.at\/en\/wp-json\/wp\/v2\/media?parent=1141"}],"curies":[{"name":"wp","href":"https:\/\/api.w.org\/{rel}","templated":true}]}}