{"id":1377,"date":"2024-09-10T14:55:35","date_gmt":"2024-09-10T12:55:35","guid":{"rendered":"https:\/\/www.gaming-room.at\/?page_id=1377"},"modified":"2024-12-28T23:29:10","modified_gmt":"2024-12-28T22:29:10","slug":"console-gaming","status":"publish","type":"page","link":"https:\/\/www.gaming-room.at\/en\/console-gaming\/","title":{"rendered":"Konsolen GAMING"},"content":{"rendered":"<div class=\"wpb-content-wrapper\"><div data-vc-full-width=\"true\" data-vc-full-width-init=\"false\" data-vc-stretch-content=\"true\" class=\"vc_row wpb_row vc_row-fluid ready_row vc_custom_1724688646021 vc_row-has-fill vc_row-no-padding vc_row-o-content-middle vc_row-flex scheme_dark\"><div class=\"wpb_column vc_column_container vc_col-sm-12 vc_col-sm-offset-0 vc_col-xs-offset-1 vc_col-xs-10 sc_layouts_column_icons_position_left\"><div class=\"vc_column-inner\"><div class=\"wpb_wrapper\"><div class=\"vc_empty_space  hide_on_mobile height_medium\"   style=\"height: 32px\"><span class=\"vc_empty_space_inner\"><\/span><\/div><div id=\"sc_content_147754611\"\r\n\t\tclass=\"sc_content color_style_default sc_content_default sc_float_left sc_align_left sc_padding_medium\"><div class=\"sc_content_container\">\n\t<div class=\"wpb_text_column wpb_content_element\" >\n\t\t<div class=\"wpb_wrapper\">\n\t\t\t<p>F\u00fcr dein Gaming-Erlebnis stehen dir zwei Gamestations (jeweils f\u00fcr maximal 4 Spieler) und eine exklusive Gaming Lounge (f\u00fcr bis zu 8 Spieler) zur Verf\u00fcgung. Beide sind mit einer Sony PlayStation 5 und einer Nintendo Switch ausgestattet. Sag einfach vor Ort Bescheid, welche Konsole du bevorzugst.<\/p>\n<p>Wenn du l\u00e4nger als zwei Stunden buchst, kannst du problemlos zwischen den Konsolen wechseln, um noch mehr Abwechslung zu erleben. F\u00fcr Buchungen unter zwei Stunden bleibt die Konsole jedoch fest, damit wir das Spielerlebnis nicht durch st\u00e4ndiges Wechseln der Spiele und Anpassen der Controllereinstellungen unterbrechen.<\/p>\n<p>Die Controller erh\u00e4ltst du direkt vom Game Master \u2013 und schon seid ihr startklar!<\/p>\n<p>Unser Hauptfokus liegt auf dem gemeinsamen Spielen in entspannter und gem\u00fctlicher Atmosph\u00e4re. Daher empfehlen wir, die maximale Spieleranzahl der Gamestations und der Gaming Lounge zu nutzen, um das volle Erlebnis auszukosten. Nat\u00fcrlich kannst du aber auch alleine buchen und dich in Ruhe deinen Lieblingsgames widmen!<\/p>\n\n\t\t<\/div>\n\t<\/div>\n<\/div><\/div><!-- \/.sc_content --><div class=\"vc_empty_space  height_large\"   style=\"height: 32px\"><span class=\"vc_empty_space_inner\"><\/span><\/div><\/div><\/div><\/div><\/div><div class=\"vc_row-full-width vc_clearfix\"><\/div><div class=\"vc_row wpb_row vc_row-fluid\"><div class=\"wpb_column vc_column_container vc_col-sm-12 sc_layouts_column_icons_position_left\"><div class=\"vc_column-inner\"><div class=\"wpb_wrapper\"><div class=\"vc_empty_space  hide_on_desktop hide_on_notebook hide_on_tablet height_medium\"   style=\"height: 32px\"><span class=\"vc_empty_space_inner\"><\/span><\/div><div class=\"vc_empty_space  vc_custom_1518431132829 hide_on_mobile height_huge\"   style=\"height: 32px\"><span class=\"vc_empty_space_inner\"><\/span><\/div><div id=\"sc_title_421619372\"\r\n\t\tclass=\"sc_title color_style_default sc_title_default\"><h6 class=\"sc_item_subtitle sc_title_subtitle sc_align_center sc_item_title_style_default\">Booking Info<\/h6><h3 class=\"sc_item_title sc_title_title sc_align_center sc_item_title_style_default\">Wie kannst du eine Gamingstation oder die Gaming Lounge buchen?<\/h3><\/div><!-- \/.sc_title --><div class=\"vc_empty_space  vc_custom_1517667926696 height_medium\"   style=\"height: 32px\"><span class=\"vc_empty_space_inner\"><\/span><\/div><div id=\"sc_icons_1267392016\" \r\n\tclass=\"sc_icons sc_icons_default sc_icons_size_medium sc_align_center\"><div class=\"sc_icons_columns_wrap sc_item_columns trx_addons_columns_wrap columns_padding_bottom\"><div class=\"trx_addons_column-1_4\"><div class=\"sc_icons_item\"><div id=\"sc_icons_1267392016_icon-004-room\" class=\"sc_icons_icon sc_icon_type_ icon-004-room\"\r\n\t\t\t\t\t\t\t\t\t\t\t\t><span class=\"sc_icon_type_ icon-004-room\"><\/span><\/div><h4 class=\"sc_icons_item_title\"><span>W\u00e4hle eine <\/span><span><\/span><span> Location<\/span><\/h4><div class=\"sc_icons_item_description\"><span>Game Station oder Gaming Lounge?<\/span><\/div><\/div><\/div><div class=\"trx_addons_column-1_4\"><div class=\"sc_icons_item\"><div id=\"sc_icons_1267392016_icon-002-team\" class=\"sc_icons_icon sc_icon_type_ icon-002-team\"\r\n\t\t\t\t\t\t\t\t\t\t\t\t><span class=\"sc_icon_type_ icon-002-team\"><\/span><\/div><h4 class=\"sc_icons_item_title\"><span>W\u00e4hle die Anzahl <\/span><span><\/span><span> der Spieler<\/span><\/h4><div class=\"sc_icons_item_description\"><span>Sollte noch jemand dazustossen, k\u00f6nnen wir auch vor Ort bis zur max. Spielerzahl dazubuchen.<\/span><\/div><\/div><\/div><div class=\"trx_addons_column-1_4\"><div class=\"sc_icons_item\"><div id=\"sc_icons_1267392016_icon-003-calendar\" class=\"sc_icons_icon sc_icon_type_ icon-003-calendar\"\r\n\t\t\t\t\t\t\t\t\t\t\t\t><span class=\"sc_icon_type_ icon-003-calendar\"><\/span><\/div><h4 class=\"sc_icons_item_title\"><span>W\u00e4hle <\/span><span><\/span><span> Datum und Uhrzeit<\/span><\/h4><div class=\"sc_icons_item_description\"><span>Bitte sei p\u00fcnktlich oder storniere min. 72 Stunden vorher per Mail.<\/span><\/div><\/div><\/div><div class=\"trx_addons_column-1_4\"><div class=\"sc_icons_item\"><div id=\"sc_icons_1267392016_icon-001-check\" class=\"sc_icons_icon sc_icon_type_ icon-001-check\"\r\n\t\t\t\t\t\t\t\t\t\t\t\t><span class=\"sc_icon_type_ icon-001-check\"><\/span><\/div><h4 class=\"sc_icons_item_title\"><span>Erhalte die <\/span><span><\/span><span> Buchungsbest\u00e4tigung!<\/span><\/h4><div class=\"sc_icons_item_description\"><span>Du bekommst die Best\u00e4tigung nach Bezahlung per Mail zugesendet.<\/span><\/div><\/div><\/div><\/div><\/div><!-- \/.sc_icons --><\/div><\/div><\/div><\/div><div class=\"vc_row wpb_row vc_row-fluid\"><div class=\"wpb_column vc_column_container vc_col-sm-12 sc_layouts_column_icons_position_left\"><div class=\"vc_column-inner\"><div class=\"wpb_wrapper\">\n\t<div class=\"wpb_text_column wpb_content_element\" >\n\t\t<div class=\"wpb_wrapper\">\n\t\t\t<p><strong>\n<script>\n  if (typeof hasAmeliaEntitiesApiCall === 'undefined' && ('' === '' && '' !== '1')) {\n    var hasAmeliaEntitiesApiCall = true;\n  }\n  var ameliaShortcodeData = (typeof ameliaShortcodeData === 'undefined') ? [] : ameliaShortcodeData;\n  ameliaShortcodeData.push(\n    {\n      'hasApiCall': (typeof hasAmeliaEntitiesApiCall !== 'undefined') && hasAmeliaEntitiesApiCall,\n      'trigger': '',\n      'trigger_type': '',\n      'triggered_form': 'sbsNew',\n      'in_dialog': '',\n      'show': '',\n      'counter': '1000',\n      'category': '2,5',\n      'service': '',\n      'employee': '',\n      'location': '',\n      'package': ''\n    }\n  );\n\n  var ameliaShortcodeDataTriggered = (typeof ameliaShortcodeDataTriggered === 'undefined') ? [] : ameliaShortcodeDataTriggered;\n  if (ameliaShortcodeData[ameliaShortcodeData.length - 1].trigger !== '') {\n    if (ameliaShortcodeDataTriggered.filter(a => a.counter === ameliaShortcodeData[ameliaShortcodeData.length - 1].counter).length === 0) {\n      ameliaShortcodeDataTriggered.push(ameliaShortcodeData.pop());\n    } else {\n      ameliaShortcodeData.pop()\n    }\n  }\n  if (typeof hasAmeliaEntitiesApiCall !== 'undefined' && hasAmeliaEntitiesApiCall) {\n    hasAmeliaEntitiesApiCall = false;\n  }\n<\/script>\n\n<div\n  id=\"amelia-v2-booking-1000\"\n  class=\"amelia-v2-booking\"\n >\n    <step-form-wrapper><\/step-form-wrapper><\/div>\n<\/strong><\/p>\n\n\t\t<\/div>\n\t<\/div>\n<\/div><\/div><\/div><\/div>\n<\/div>","protected":false},"excerpt":{"rendered":"F\u00fcr dein Gaming-Erlebnis stehen dir zwei Gamestations (jeweils f\u00fcr maximal 4 Spieler) und eine exklusive Gaming Lounge (f\u00fcr bis zu 8 Spieler) zur Verf\u00fcgung. Beide sind mit einer Sony PlayStation&hellip;","protected":false},"author":1,"featured_media":1396,"parent":0,"menu_order":3,"comment_status":"closed","ping_status":"closed","template":"","meta":{"ngg_post_thumbnail":0,"footnotes":""},"class_list":["post-1377","page","type-page","status-publish","has-post-thumbnail","hentry"],"_links":{"self":[{"href":"https:\/\/www.gaming-room.at\/en\/wp-json\/wp\/v2\/pages\/1377","targetHints":{"allow":["GET"]}}],"collection":[{"href":"https:\/\/www.gaming-room.at\/en\/wp-json\/wp\/v2\/pages"}],"about":[{"href":"https:\/\/www.gaming-room.at\/en\/wp-json\/wp\/v2\/types\/page"}],"author":[{"embeddable":true,"href":"https:\/\/www.gaming-room.at\/en\/wp-json\/wp\/v2\/users\/1"}],"replies":[{"embeddable":true,"href":"https:\/\/www.gaming-room.at\/en\/wp-json\/wp\/v2\/comments?post=1377"}],"version-history":[{"count":17,"href":"https:\/\/www.gaming-room.at\/en\/wp-json\/wp\/v2\/pages\/1377\/revisions"}],"predecessor-version":[{"id":1442,"href":"https:\/\/www.gaming-room.at\/en\/wp-json\/wp\/v2\/pages\/1377\/revisions\/1442"}],"wp:featuredmedia":[{"embeddable":true,"href":"https:\/\/www.gaming-room.at\/en\/wp-json\/wp\/v2\/media\/1396"}],"wp:attachment":[{"href":"https:\/\/www.gaming-room.at\/en\/wp-json\/wp\/v2\/media?parent=1377"}],"curies":[{"name":"wp","href":"https:\/\/api.w.org\/{rel}","templated":true}]}}