{"id":69,"date":"2017-11-20T10:43:42","date_gmt":"2017-11-20T10:43:42","guid":{"rendered":"https:\/\/www.gaming-room.at\/?page_id=69"},"modified":"2026-01-12T20:13:10","modified_gmt":"2026-01-12T19:13:10","slug":"faq","status":"publish","type":"page","link":"https:\/\/www.gaming-room.at\/en\/aktuelles\/faq\/","title":{"rendered":"FAQ"},"content":{"rendered":"<div class=\"wpb-content-wrapper\"><div class=\"vc_row wpb_row vc_row-fluid\"><div class=\"wpb_column vc_column_container vc_col-sm-12 sc_layouts_column_icons_position_left\"><div class=\"vc_column-inner\"><div class=\"wpb_wrapper\"><div id=\"sc_title_1415242623\"\r\n\t\tclass=\"sc_title color_style_default sc_title_default\"><h2 class=\"sc_item_title sc_title_title sc_align_center sc_item_title_style_default sc_item_title_tag\">find answers to all your questions here!<\/h2><\/div><!-- \/.sc_title --><div class=\"vc_empty_space  vc_custom_1517845417764 height_medium\"   style=\"height: 32px\"><span class=\"vc_empty_space_inner\"><\/span><\/div><div class=\"vc_row wpb_row vc_inner vc_row-fluid\"><div class=\"wpb_column vc_column_container vc_col-sm-6 sc_layouts_column_icons_position_left\"><div class=\"vc_column-inner\"><div class=\"wpb_wrapper\"><div  class=\"vc_do_toggle vc_toggle vc_toggle_arrow vc_toggle_color_default  vc_toggle_size_md\"><div class=\"vc_toggle_title\"><h4>How can I book a VR escape game session?<\/h4><i class=\"vc_toggle_icon\"><\/i><\/div><div class=\"vc_toggle_content\"><p>You can only book ONLINE! Telephone bookings are not possible! Click \u2018BOOK HERE\u2019 at the top right of the main page or under each individual game you will also find booking options! For groups\/teams\/company events please send us an email <a href=\"mailto:office@gaming-room.at\">mailto:office@gaming-room.at<\/a><\/p>\n<\/div><\/div><div  class=\"vc_do_toggle vc_toggle vc_toggle_arrow vc_toggle_color_default  vc_toggle_size_md\"><div class=\"vc_toggle_title\"><h4>What can I expect as a \u2018game newbie\u2019 for VR?<\/h4><i class=\"vc_toggle_icon\"><\/i><\/div><div class=\"vc_toggle_content\"><p>It is very important to us that we pass on our enthusiasm for virtual reality. That's why we put a lot of thought into the procedure and process beforehand.<\/p>\n<ul>\n<li style=\"list-style-type: none;\">\n<ul>\n<li>Please decide at the beginning which VR game you would like to play.<\/li>\n<li>You can view the games in advance on our website. If you click on the games, you will find short descriptions of the games.<\/li>\n<li>At the beginning, we explain how to put on the VR goggles and adjust the size. We then describe the basic function of the controllers and point out the spatial limits. You will be standing on round mats and you should not leave them, otherwise you will fall out of the game.<\/li>\n<li>If you don't yet know what you want to play, we will give you a recommendation on site. As you no longer have any insight into the real world, experience has shown that it is reassuring to know that someone is looking out for you.<\/li>\n<li>As soon as we see that you are doing well on your own, we will withdraw, but always stay close if you have questions or need help. If you already have gaming experience or wish to, we will of course leave you completely alone.<\/li>\n<\/ul>\n<\/li>\n<\/ul>\n<\/div><\/div><div  class=\"vc_do_toggle vc_toggle vc_toggle_arrow vc_toggle_color_default  vc_toggle_size_md\"><div class=\"vc_toggle_title\"><h4>Can I go to the Gaming Room Schladming without a booking?<\/h4><i class=\"vc_toggle_icon\"><\/i><\/div><div class=\"vc_toggle_content\"><p>We ask you to book your gaming experience online in advance to avoid any waiting times on site. Click here to make a reservation <a href=\"https:\/\/www.gaming-room.at\/en\/booking\/\">https:\/\/www.gaming-room.at\/appointments\/<\/a><\/p>\n<\/div><\/div><div  class=\"vc_do_toggle vc_toggle vc_toggle_arrow vc_toggle_color_default  vc_toggle_size_md\"><div class=\"vc_toggle_title\"><h4>How can I change a reservation?<\/h4><i class=\"vc_toggle_icon\"><\/i><\/div><div class=\"vc_toggle_content\"><p>Please send us an e-mail to <a href=\"mailto:booking@gaming-room.at\">booking@gaming-room.at<\/a> we will try to arrancge a new appointment.<\/p>\n<\/div><\/div><div  class=\"vc_do_toggle vc_toggle vc_toggle_arrow vc_toggle_color_default  vc_toggle_size_md\"><div class=\"vc_toggle_title\"><h4>Can I still play if I arrive late?<\/h4><i class=\"vc_toggle_icon\"><\/i><\/div><div class=\"vc_toggle_content\"><p>Of course you can also play if you are late. Your place remains reserved as booked.<\/p>\n<p>However, it is not possible to join an ongoing VR game, so we can only offer you a single-player game of your choice for the remaining time.<\/p>\n<\/div><\/div><div  class=\"vc_do_toggle vc_toggle vc_toggle_arrow vc_toggle_color_default  vc_toggle_size_md\"><div class=\"vc_toggle_title\"><h4>How many people can play Playstation 5\/ Nintendo Switch together?<\/h4><i class=\"vc_toggle_icon\"><\/i><\/div><div class=\"vc_toggle_content\"><p>A maximum of 4 people can play at the gaming stations at the same time. Depending on the game, 4 against 4 can also be played. Up to 6 players can compete with\/against each other in the gaming lounge. Seating for up to 8 people.<\/p>\n<\/div><\/div><div  class=\"vc_do_toggle vc_toggle vc_toggle_arrow vc_toggle_color_default  vc_toggle_size_md\"><div class=\"vc_toggle_title\"><h4>From what age can I enter the gaming room (virtual reality \/ gaming)?<\/h4><i class=\"vc_toggle_icon\"><\/i><\/div><div class=\"vc_toggle_content\"><p>We are guided by the manufacturers of VR glasses, who only recommend use for ages 12 and up. Children under 12 are therefore only allowed to use our VR games when accompanied by their parents if they already have gaming experience.<\/p>\n<p>A minimum age of 12 years or the presence of an adult is also required to use the gaming area.<\/p>\n<\/div><\/div><div  class=\"vc_do_toggle vc_toggle vc_toggle_arrow vc_toggle_color_default  vc_toggle_size_md\"><div class=\"vc_toggle_title\"><h4>How many people can play a VR escape mission at the same time?<\/h4><i class=\"vc_toggle_icon\"><\/i><\/div><div class=\"vc_toggle_content\"><p>This depends on the game, in every game description you will also find the number of possible players!<\/p>\n<\/div><\/div><div  class=\"vc_do_toggle vc_toggle vc_toggle_arrow vc_toggle_color_default  vc_toggle_size_md\"><div class=\"vc_toggle_title\"><h4>In which languages can you play Virtual Reality Escape Room Missions?<\/h4><i class=\"vc_toggle_icon\"><\/i><\/div><div class=\"vc_toggle_content\"><p>When selecting games, it is always visible in which language the game is available.<\/p>\n<\/div><\/div><div  class=\"vc_do_toggle vc_toggle vc_toggle_arrow vc_toggle_color_default  vc_toggle_size_md\"><div class=\"vc_toggle_title\"><h4>How long does a game last?<\/h4><i class=\"vc_toggle_icon\"><\/i><\/div><div class=\"vc_toggle_content\"><p>A game lasts about an hour, but it depends on you and your skill. If you don't complete the mission in an hour and there are no other guests booked after that, the game master can give you a little longer.<\/p>\n<\/div><\/div><div  class=\"vc_do_toggle vc_toggle vc_toggle_arrow vc_toggle_color_default  vc_toggle_size_md\"><div class=\"vc_toggle_title\"><h4>Do we see and hear each other in the game?<\/h4><i class=\"vc_toggle_icon\"><\/i><\/div><div class=\"vc_toggle_content\"><p>Yes, you are connected to each other in the game: you see the avatars of the other participants and their movements and you are acoustically connected to each other via a headset and can\/should coordinate with each other.<\/p>\n<\/div><\/div><div  class=\"vc_do_toggle vc_toggle vc_toggle_arrow vc_toggle_color_default  vc_toggle_size_md\"><div class=\"vc_toggle_title\"><h4>What should we wear to play?<\/h4><i class=\"vc_toggle_icon\"><\/i><\/div><div class=\"vc_toggle_content\"><p>Just come in normal clothes. You don't need to dress casually.<\/p>\n<\/div><\/div><div  class=\"vc_do_toggle vc_toggle vc_toggle_arrow vc_toggle_color_default  vc_toggle_size_md\"><div class=\"vc_toggle_title\"><h4>Can I also play if I wear glasses?<\/h4><i class=\"vc_toggle_icon\"><\/i><\/div><div class=\"vc_toggle_content\"><p>Naturally. Our VR glasses can be worn over most glasses. The pads have recesses so as not to put any strain on the temples.<\/p>\n<\/div><\/div><div  class=\"vc_do_toggle vc_toggle vc_toggle_arrow vc_toggle_color_default  vc_toggle_size_md\"><div class=\"vc_toggle_title\"><h4>Do I have the same VR headset on as the person ahead of me?<\/h4><i class=\"vc_toggle_icon\"><\/i><\/div><div class=\"vc_toggle_content\"><p>Yes, we do not swap the VR headsets. However, the padding is made of easy-care materials, and all contact surfaces are thoroughly disinfected after each use.<\/p>\n<\/div><\/div><\/div><\/div><\/div><div class=\"wpb_column vc_column_container vc_col-sm-6 sc_layouts_column_icons_position_left\"><div class=\"vc_column-inner\"><div class=\"wpb_wrapper\"><div  class=\"vc_do_toggle vc_toggle vc_toggle_arrow vc_toggle_color_default  vc_toggle_size_md\"><div class=\"vc_toggle_title\"><h4>Will someone help us if we get stuck?<\/h4><i class=\"vc_toggle_icon\"><\/i><\/div><div class=\"vc_toggle_content\"><p>Yes, there is always a game master on site and available to answer any questions you may have. You can also get clues from the question mark in the game or call the game master during the game.<\/p>\n<\/div><\/div><div  class=\"vc_do_toggle vc_toggle vc_toggle_arrow vc_toggle_color_default  vc_toggle_size_md\"><div class=\"vc_toggle_title\"><h4>What payment methods are available?<\/h4><i class=\"vc_toggle_icon\"><\/i><\/div><div class=\"vc_toggle_content\"><p>You can choose from:<\/p>\n<ul>\n<li style=\"list-style-type: none;\">\n<ul>\n<li style=\"font-style: unset; font-weight: unset;\"><span style=\"font-weight: unset; font-style: unset;\"> credit card<\/span><\/li>\n<li style=\"font-style: unset; font-weight: unset;\"><span style=\"font-weight: unset; font-style: unset;\"> PayPal<\/span><\/li>\n<li style=\"font-style: unset; font-weight: unset;\"><span style=\"font-weight: unset; font-style: unset;\"> cash\/card payment on site<\/span><\/li>\n<\/ul>\n<\/li>\n<\/ul>\n<\/div><\/div><div  class=\"vc_do_toggle vc_toggle vc_toggle_arrow vc_toggle_color_default  vc_toggle_size_md\"><div class=\"vc_toggle_title\"><h4>Do you need to have experience with computer games or VR games to play VR escape games?<\/h4><i class=\"vc_toggle_icon\"><\/i><\/div><div class=\"vc_toggle_content\"><p>No, not at all. We have games for everyone and are happy to advise you so that you can find a game that suits you. When you play VR games for the first time, you will receive detailed instructions so that you feel comfortable with your VR experience.<\/p>\n<\/div><\/div><div  class=\"vc_do_toggle vc_toggle vc_toggle_arrow vc_toggle_color_default  vc_toggle_size_md\"><div class=\"vc_toggle_title\"><h4>Are there any health restrictions?<\/h4><i class=\"vc_toggle_icon\"><\/i><\/div><div class=\"vc_toggle_content\"><p>Although we only use the most modern technology, it cannot be ruled out that when using VR technology\u00a0<strong>(just like other screen applications)<\/strong>\u00a0dizziness, cramps, blackouts, nausea, visual disturbances, eye pain, disorientation and consciousness disorders, headaches and even epileptic seizures can occur. These symptoms are called \u201cmotion sickness\u201d. This usually occurs because the eyes see something that is not perceived by the body's other senses (similar to motion sickness). This effect varies in people and does not occur at all or rarely in the games we selected. We particularly warn pregnant women and older people that there is a risk of falling or being frightened.<\/p>\n<p>However, like all virtual reality locations, we strongly advise against using VR technology if you have certain health restrictions. These include:<\/p>\n<ul>\n<li style=\"list-style-type: none;\">\n<ul>\n<li>People with heart failure<\/li>\n<li>People with serious illnesses<\/li>\n<li>People with serious mental illnesses<\/li>\n<li>Heavily pregnant women<\/li>\n<li>Those prone to seizures and epilepsy<\/li>\n<li>People who react physically and\/or psychologically sensitively to rapid image sequences, fast movements or electrical voltage fields<\/li>\n<\/ul>\n<\/li>\n<\/ul>\n<p>Sollten eine oder mehrere der oben genannten Einschr\u00e4nkungen vorliegen muss der Kunde dies vor Spielbeginn bzw. schon bei der Buchung den Mitarbeitern der Virtual Area mitteilen. Dasselbe gilt f\u00fcr bekannte Phobien oder anderweitigen Problemen, wie z.B. H\u00f6henangst. \u00a0Wir empfehlen weiters eine Pause nach einer Spielzeit von 1 Stunde einzulegen.<\/p>\n<\/div><\/div><div  class=\"vc_do_toggle vc_toggle vc_toggle_arrow vc_toggle_color_default  vc_toggle_size_md\"><div class=\"vc_toggle_title\"><h4>Can you feel nauseous or dizzy?<\/h4><i class=\"vc_toggle_icon\"><\/i><\/div><div class=\"vc_toggle_content\"><p>With VR games you move in the game world, but not in reality. As a result, the ear's vestibular system sends different signals to the brain than the eye. This phenomenon is also called <strong>Motion Sickness<\/strong> known. It often occurs in high-speed games, such as racing games, in virtual reality. But every person reacts differently to motion sickness. Our games offer little or no risk of this.<\/p>\n<\/div><\/div><div  class=\"vc_do_toggle vc_toggle vc_toggle_arrow vc_toggle_color_default  vc_toggle_size_md\"><div class=\"vc_toggle_title\"><h4>Can pregnant women take part?<\/h4><i class=\"vc_toggle_icon\"><\/i><\/div><div class=\"vc_toggle_content\"><p>Basically, playing in virtual reality is not dangerous. Nevertheless, we advise certain groups of people against a VR experience:<\/p>\n<ul>\n<li style=\"list-style-type: none;\">\n<ul>\n<li>Heavily pregnant women<\/li>\n<li>People with heart failure<\/li>\n<li>People with serious mental illnesses<\/li>\n<li>Those prone to seizures and epilepsy<\/li>\n<\/ul>\n<\/li>\n<\/ul>\n<\/div><\/div><div  class=\"vc_do_toggle vc_toggle vc_toggle_arrow vc_toggle_color_default  vc_toggle_size_md\"><div class=\"vc_toggle_title\"><h4>Can I bring my own drinks\/food?<\/h4><i class=\"vc_toggle_icon\"><\/i><\/div><div class=\"vc_toggle_content\"><p>We offer various drinks and smaller snacks in the gaming room. Please understand that bringing your own drinks and\/or food is generally not permitted. Exceptions to this only exist after prior agreement.<\/p>\n<\/div><\/div><div  class=\"vc_do_toggle vc_toggle vc_toggle_arrow vc_toggle_color_default  vc_toggle_size_md\"><div class=\"vc_toggle_title\"><h4>What does Virtual Escape offer for team events and team building?<\/h4><i class=\"vc_toggle_icon\"><\/i><\/div><div class=\"vc_toggle_content\"><p class=\"r920x\"><span class=\"j6xx-\">At Virtual Escape Rooms you can expect exciting and challenging escape rooms as well as many different games on Nintendo Switch. These activities are perfect for corporate events, school classes, stag parties and birthday parties. Together you will immerse yourself in adventurous worlds full of puzzles and action, where your cooperation is crucial. Food and drinks can also be provided if the existing offering is not sufficient.<\/span><\/p>\n<\/div><\/div><div  class=\"vc_do_toggle vc_toggle vc_toggle_arrow vc_toggle_color_default  vc_toggle_size_md\"><div class=\"vc_toggle_title\"><h4>How can I book a team event in the Gaming Room Schladming?<\/h4><i class=\"vc_toggle_icon\"><\/i><\/div><div class=\"vc_toggle_content\"><p>We will put together a package tailored to your needs, simply send us an <a href=\"mailto:office@gaming-room.at\">mailto:office@gaming-room.at<\/a> or call us <a href=\"tel:+43368725001\">+43 3687 25001<\/a><\/p>\n<\/div><\/div><div  class=\"vc_do_toggle vc_toggle vc_toggle_arrow vc_toggle_color_default  vc_toggle_size_md\"><div class=\"vc_toggle_title\"><h4>How much does a team event in the gaming room cost?<\/h4><i class=\"vc_toggle_icon\"><\/i><\/div><div class=\"vc_toggle_content\"><p>Das kommt auf die Gr\u00f6\u00dfe des Events, Anzahl der Spieler, Catering-W\u00fcnsche, etc.\u00a0 an. Am Besten schreibst Du uns Deine Vorstellung an office@gaming-room.at oder rufst uns an unter <a href=\"tel:+43368725001\">+43 3687 25001<\/a><\/p>\n<\/div><\/div><div  class=\"vc_do_toggle vc_toggle vc_toggle_arrow vc_toggle_color_default  vc_toggle_size_md\"><div class=\"vc_toggle_title\"><h4>Can I give a Virtual Escape experience as a gift?<\/h4><i class=\"vc_toggle_icon\"><\/i><\/div><div class=\"vc_toggle_content\"><p>You can purchase vouchers from us at any time, both for VR escape games and for the gaming station!<\/p>\n<p>If you would like to redeem vouchers on site, please always present them before the start of the game. Otherwise these cannot be taken into account for organizational reasons.<\/p>\n<\/div><\/div><div  class=\"vc_do_toggle vc_toggle vc_toggle_arrow vc_toggle_color_default  vc_toggle_size_md\"><div class=\"vc_toggle_title\"><h4>I don't speak German, can I play in English?<\/h4><i class=\"vc_toggle_icon\"><\/i><\/div><div class=\"vc_toggle_content\"><p>Yes, but some games still have German texts!<\/p>\n<\/div><\/div><div  class=\"vc_do_toggle vc_toggle vc_toggle_arrow vc_toggle_color_default  vc_toggle_size_md\"><div class=\"vc_toggle_title\"><h4>Do you live in the gaming room?<\/h4><i class=\"vc_toggle_icon\"><\/i><\/div><div class=\"vc_toggle_content\"><p>No, but we made it as comfortable as possible for you! \ud83d\ude42<\/p>\n<\/div><\/div><div  class=\"vc_do_toggle vc_toggle vc_toggle_arrow vc_toggle_color_default  vc_toggle_size_md\"><div class=\"vc_toggle_title\"><h4>Is it possible to play in both good and bad weather?<\/h4><i class=\"vc_toggle_icon\"><\/i><\/div><div class=\"vc_toggle_content\"><p>Yes, all of our virtual escape games are indoors, so you can visit the gaming room regardless of the weather.<\/p>\n<\/div><\/div><div  class=\"vc_do_toggle vc_toggle vc_toggle_arrow vc_toggle_color_default  vc_toggle_size_md\"><div class=\"vc_toggle_title\"><h4>What are the opening hours of the gaming room?<\/h4><i class=\"vc_toggle_icon\"><\/i><\/div><div class=\"vc_toggle_content\"><p>The gaming room is open daily from 2:00 pm to 10:00 pm, except Tuesdays (closed). As the gaming room is not staffed at all times, please be sure to book online in advance (payment is made on site) or give us a call.<\/p>\n<\/div><\/div><\/div><\/div><\/div><\/div><\/div><\/div><\/div><\/div>\n<\/div>","protected":false},"excerpt":{"rendered":"Finde hier Antworten auf all Deine Fragen!Wie kann ich ein VR Escape Spiel Session buchen?Du kannst nur ONLINE buchen! Telefonische Reservierungen sind nicht m\u00f6glich! Klicke auf der Hauptseite rechts oben&hellip;","protected":false},"author":1,"featured_media":1428,"parent":34,"menu_order":19,"comment_status":"closed","ping_status":"closed","template":"","meta":{"ngg_post_thumbnail":0,"footnotes":""},"class_list":["post-69","page","type-page","status-publish","has-post-thumbnail","hentry"],"_links":{"self":[{"href":"https:\/\/www.gaming-room.at\/en\/wp-json\/wp\/v2\/pages\/69","targetHints":{"allow":["GET"]}}],"collection":[{"href":"https:\/\/www.gaming-room.at\/en\/wp-json\/wp\/v2\/pages"}],"about":[{"href":"https:\/\/www.gaming-room.at\/en\/wp-json\/wp\/v2\/types\/page"}],"author":[{"embeddable":true,"href":"https:\/\/www.gaming-room.at\/en\/wp-json\/wp\/v2\/users\/1"}],"replies":[{"embeddable":true,"href":"https:\/\/www.gaming-room.at\/en\/wp-json\/wp\/v2\/comments?post=69"}],"version-history":[{"count":58,"href":"https:\/\/www.gaming-room.at\/en\/wp-json\/wp\/v2\/pages\/69\/revisions"}],"predecessor-version":[{"id":2163,"href":"https:\/\/www.gaming-room.at\/en\/wp-json\/wp\/v2\/pages\/69\/revisions\/2163"}],"up":[{"embeddable":true,"href":"https:\/\/www.gaming-room.at\/en\/wp-json\/wp\/v2\/pages\/34"}],"wp:featuredmedia":[{"embeddable":true,"href":"https:\/\/www.gaming-room.at\/en\/wp-json\/wp\/v2\/media\/1428"}],"wp:attachment":[{"href":"https:\/\/www.gaming-room.at\/en\/wp-json\/wp\/v2\/media?parent=69"}],"curies":[{"name":"wp","href":"https:\/\/api.w.org\/{rel}","templated":true}]}}